{"id":41,"date":"2016-12-07T18:18:42","date_gmt":"2016-12-07T16:18:42","guid":{"rendered":"http:\/\/dominiqueidiart.fr\/?page_id=41"},"modified":"2020-07-31T18:38:12","modified_gmt":"2020-07-31T16:38:12","slug":"clients","status":"publish","type":"page","link":"https:\/\/dominiqueidiart.fr\/index.php\/clients\/","title":{"rendered":"CLIENTS"},"content":{"rendered":"<p>[vc_row css_animation=\u00a0\u00bb\u00a0\u00bb row_type=\u00a0\u00bbrow\u00a0\u00bb use_row_as_full_screen_section=\u00a0\u00bbno\u00a0\u00bb type=\u00a0\u00bbfull_width\u00a0\u00bb angled_section=\u00a0\u00bbno\u00a0\u00bb text_align=\u00a0\u00bbleft\u00a0\u00bb background_image_as_pattern=\u00a0\u00bbwithout_pattern\u00a0\u00bb][vc_column][vc_column_text]<\/p>\n<h1>Clients<\/h1>\n<p style=\"padding-left: 30px;\"><span style=\"font-size: 12px;\"><em>Cette liste est non exhaustive, elle sert principalement \u00e0 ce que vous : chers clients, puissiez vous connecter \u00e0 votre page pour acc\u00e9der \u00e0 l&rsquo;historique de vos livrables.<\/em><\/span><\/p>\n<h4>Aldebaran Robotics &#8211; Dell<\/h4>\n<hr \/>\n<h4>BeHave International<\/h4>\n<hr \/>\n<h4>Beno\u00eet Loubaresse &#8211; Peintre mati\u00e8riste<\/h4>\n<hr \/>\n<h4>Biotherm<\/h4>\n<hr \/>\n<h4>Brossard-Jacquet<\/h4>\n<hr \/>\n<h4><a href=\"http:\/\/dominiqueidiart.fr\/index.php\/sotto\/\" target=\"_blank\" rel=\"noopener noreferrer\">Cabinet J. Sotto<\/a><\/h4>\n<hr \/>\n<h4>CamYoga<\/h4>\n<hr \/>\n<h4>Cartier<\/h4>\n<hr \/>\n<h4>Chateau Teynac &amp; Corconnac<\/h4>\n<hr \/>\n<h4>Charlotte Winter &#8211; Styliste costumi\u00e8re<\/h4>\n<hr \/>\n<h4>CIVL &#8211; AOC LANGUEDOC \/ IGP VINS DE SUD DE FRANCE<\/h4>\n<hr \/>\n<h4><a href=\"http:\/\/dominiqueidiart.fr\/index.php\/dan-cup\/\" target=\"_blank\" rel=\"noopener noreferrer\">DAN CUP<\/a><\/h4>\n<hr \/>\n<h4>DanyDan -Disques Durs<\/h4>\n<hr \/>\n<h4>Domaine du Bouchot<\/h4>\n<hr \/>\n<h4>Essilor<\/h4>\n<hr \/>\n<h4>Gip Communication<\/h4>\n<hr \/>\n<h4><a href=\"http:\/\/dominiqueidiart.fr\/index.php\/jb-prod\/\" target=\"_blank\" rel=\"noopener noreferrer\">JB PROD<\/a><\/h4>\n<hr \/>\n<h4><a href=\"http:\/\/dominiqueidiart.fr\/index.php\/ids-media\/\" target=\"_blank\" rel=\"noopener noreferrer\">IDS Media<\/a><\/h4>\n<hr \/>\n<h4>Kluwer International<\/h4>\n<hr \/>\n<h4>Les Parfums de Rosine<\/h4>\n<hr \/>\n<h4>L&rsquo;Or\u00e9al Luxe<\/h4>\n<hr \/>\n<h4>LVMH &#8211; GIVENCHY<\/h4>\n<hr \/>\n<h4><a href=\"http:\/\/dominiqueidiart.fr\/index.php\/clients\/mc\/\" target=\"_blank\" rel=\"noopener noreferrer\">Manage Conseil<\/a><\/h4>\n<hr \/>\n<h4>Mo\u00ebt-Hennessy<\/h4>\n<hr \/>\n<h4>New BBDO<\/h4>\n<hr \/>\n<h4>Schumberger<\/h4>\n<hr \/>\n<h4>Trajectoire R.H<\/h4>\n<hr \/>\n<h4>UCAR<\/h4>\n<hr \/>\n<h4>Veolia<\/h4>\n<hr \/>\n<h4>Wrigley&rsquo;s<\/h4>\n<hr \/>\n<h4>L&rsquo;Agence Chic<\/h4>\n<hr \/>\n<p>[\/vc_column_text][\/vc_column][\/vc_row]<\/p>\n","protected":false},"excerpt":{"rendered":"<p>[vc_row css_animation=\u00a0\u00bb\u00a0\u00bb row_type=\u00a0\u00bbrow\u00a0\u00bb use_row_as_full_screen_section=\u00a0\u00bbno\u00a0\u00bb type=\u00a0\u00bbfull_width\u00a0\u00bb angled_section=\u00a0\u00bbno\u00a0\u00bb text_align=\u00a0\u00bbleft\u00a0\u00bb background_image_as_pattern=\u00a0\u00bbwithout_pattern\u00a0\u00bb][vc_column][vc_column_text] Clients Cette liste est non exhaustive, elle sert principalement \u00e0 ce que vous : chers clients, puissiez vous connecter \u00e0 votre page pour acc\u00e9der \u00e0 l&rsquo;historique de vos livrables. Aldebaran Robotics &#8211; Dell BeHave International Beno\u00eet Loubaresse&#8230;<\/p>\n","protected":false},"author":2,"featured_media":0,"parent":0,"menu_order":0,"comment_status":"closed","ping_status":"closed","template":"","meta":[],"yoast_head":"<!-- This site is optimized with the Yoast SEO plugin v19.6.1 - https:\/\/yoast.com\/wordpress\/plugins\/seo\/ -->\n<title>CLIENTS | DOMINIQUE IDIART STUDIO CONSEIL<\/title>\n<meta name=\"robots\" content=\"noindex, follow\" \/>\n<meta property=\"og:locale\" content=\"fr_FR\" \/>\n<meta property=\"og:type\" content=\"article\" \/>\n<meta property=\"og:title\" content=\"CLIENTS | DOMINIQUE IDIART STUDIO CONSEIL\" \/>\n<meta property=\"og:description\" content=\"[vc_row css_animation=\u00a0\u00bb\u00a0\u00bb row_type=\u00a0\u00bbrow\u00a0\u00bb use_row_as_full_screen_section=\u00a0\u00bbno\u00a0\u00bb type=\u00a0\u00bbfull_width\u00a0\u00bb angled_section=\u00a0\u00bbno\u00a0\u00bb text_align=\u00a0\u00bbleft\u00a0\u00bb background_image_as_pattern=\u00a0\u00bbwithout_pattern\u00a0\u00bb][vc_column][vc_column_text] Clients Cette liste est non exhaustive, elle sert principalement \u00e0 ce que vous : chers clients, puissiez vous connecter \u00e0 votre page pour acc\u00e9der \u00e0 l&rsquo;historique de vos livrables. Aldebaran Robotics &#8211; Dell BeHave International Beno\u00eet Loubaresse...\" \/>\n<meta property=\"og:url\" content=\"https:\/\/dominiqueidiart.fr\/index.php\/clients\/\" \/>\n<meta property=\"og:site_name\" content=\"DOMINIQUE IDIART STUDIO CONSEIL\" \/>\n<meta property=\"article:publisher\" content=\"https:\/\/www.facebook.com\/Domditfreez\" \/>\n<meta property=\"article:modified_time\" content=\"2020-07-31T16:38:12+00:00\" \/>\n<meta name=\"twitter:card\" content=\"summary_large_image\" \/>\n<meta name=\"twitter:site\" content=\"@Masta_FreeeeZ\" \/>\n<meta name=\"twitter:label1\" content=\"Dur\u00e9e de lecture estim\u00e9e\" \/>\n\t<meta name=\"twitter:data1\" content=\"1 minute\" \/>\n<script type=\"application\/ld+json\" class=\"yoast-schema-graph\">{\"@context\":\"https:\/\/schema.org\",\"@graph\":[{\"@type\":\"WebPage\",\"@id\":\"https:\/\/dominiqueidiart.fr\/index.php\/clients\/\",\"url\":\"https:\/\/dominiqueidiart.fr\/index.php\/clients\/\",\"name\":\"CLIENTS | DOMINIQUE IDIART STUDIO CONSEIL\",\"isPartOf\":{\"@id\":\"https:\/\/dominiqueidiart.fr\/#website\"},\"datePublished\":\"2016-12-07T16:18:42+00:00\",\"dateModified\":\"2020-07-31T16:38:12+00:00\",\"breadcrumb\":{\"@id\":\"https:\/\/dominiqueidiart.fr\/index.php\/clients\/#breadcrumb\"},\"inLanguage\":\"fr-FR\",\"potentialAction\":[{\"@type\":\"ReadAction\",\"target\":[\"https:\/\/dominiqueidiart.fr\/index.php\/clients\/\"]}]},{\"@type\":\"BreadcrumbList\",\"@id\":\"https:\/\/dominiqueidiart.fr\/index.php\/clients\/#breadcrumb\",\"itemListElement\":[{\"@type\":\"ListItem\",\"position\":1,\"name\":\"Accueil\",\"item\":\"https:\/\/dominiqueidiart.fr\/\"},{\"@type\":\"ListItem\",\"position\":2,\"name\":\"CLIENTS\"}]},{\"@type\":\"WebSite\",\"@id\":\"https:\/\/dominiqueidiart.fr\/#website\",\"url\":\"https:\/\/dominiqueidiart.fr\/\",\"name\":\"DOMINIQUE IDIART STUDIO CONSEIL\",\"description\":\"Graphiste\u239cD.A.\",\"potentialAction\":[{\"@type\":\"SearchAction\",\"target\":{\"@type\":\"EntryPoint\",\"urlTemplate\":\"https:\/\/dominiqueidiart.fr\/?s={search_term_string}\"},\"query-input\":\"required name=search_term_string\"}],\"inLanguage\":\"fr-FR\"}]}<\/script>\n<!-- \/ Yoast SEO plugin. -->","yoast_head_json":{"title":"CLIENTS | DOMINIQUE IDIART STUDIO CONSEIL","robots":{"index":"noindex","follow":"follow"},"og_locale":"fr_FR","og_type":"article","og_title":"CLIENTS | DOMINIQUE IDIART STUDIO CONSEIL","og_description":"[vc_row css_animation=\u00a0\u00bb\u00a0\u00bb row_type=\u00a0\u00bbrow\u00a0\u00bb use_row_as_full_screen_section=\u00a0\u00bbno\u00a0\u00bb type=\u00a0\u00bbfull_width\u00a0\u00bb angled_section=\u00a0\u00bbno\u00a0\u00bb text_align=\u00a0\u00bbleft\u00a0\u00bb background_image_as_pattern=\u00a0\u00bbwithout_pattern\u00a0\u00bb][vc_column][vc_column_text] Clients Cette liste est non exhaustive, elle sert principalement \u00e0 ce que vous : chers clients, puissiez vous connecter \u00e0 votre page pour acc\u00e9der \u00e0 l&rsquo;historique de vos livrables. Aldebaran Robotics &#8211; Dell BeHave International Beno\u00eet Loubaresse...","og_url":"https:\/\/dominiqueidiart.fr\/index.php\/clients\/","og_site_name":"DOMINIQUE IDIART STUDIO CONSEIL","article_publisher":"https:\/\/www.facebook.com\/Domditfreez","article_modified_time":"2020-07-31T16:38:12+00:00","twitter_card":"summary_large_image","twitter_site":"@Masta_FreeeeZ","twitter_misc":{"Dur\u00e9e de lecture estim\u00e9e":"1 minute"},"schema":{"@context":"https:\/\/schema.org","@graph":[{"@type":"WebPage","@id":"https:\/\/dominiqueidiart.fr\/index.php\/clients\/","url":"https:\/\/dominiqueidiart.fr\/index.php\/clients\/","name":"CLIENTS | DOMINIQUE IDIART STUDIO CONSEIL","isPartOf":{"@id":"https:\/\/dominiqueidiart.fr\/#website"},"datePublished":"2016-12-07T16:18:42+00:00","dateModified":"2020-07-31T16:38:12+00:00","breadcrumb":{"@id":"https:\/\/dominiqueidiart.fr\/index.php\/clients\/#breadcrumb"},"inLanguage":"fr-FR","potentialAction":[{"@type":"ReadAction","target":["https:\/\/dominiqueidiart.fr\/index.php\/clients\/"]}]},{"@type":"BreadcrumbList","@id":"https:\/\/dominiqueidiart.fr\/index.php\/clients\/#breadcrumb","itemListElement":[{"@type":"ListItem","position":1,"name":"Accueil","item":"https:\/\/dominiqueidiart.fr\/"},{"@type":"ListItem","position":2,"name":"CLIENTS"}]},{"@type":"WebSite","@id":"https:\/\/dominiqueidiart.fr\/#website","url":"https:\/\/dominiqueidiart.fr\/","name":"DOMINIQUE IDIART STUDIO CONSEIL","description":"Graphiste\u239cD.A.","potentialAction":[{"@type":"SearchAction","target":{"@type":"EntryPoint","urlTemplate":"https:\/\/dominiqueidiart.fr\/?s={search_term_string}"},"query-input":"required name=search_term_string"}],"inLanguage":"fr-FR"}]}},"jetpack_sharing_enabled":false,"jetpack_shortlink":"https:\/\/wp.me\/P9MET1-F","jetpack_likes_enabled":false,"_links":{"self":[{"href":"https:\/\/dominiqueidiart.fr\/index.php\/wp-json\/wp\/v2\/pages\/41"}],"collection":[{"href":"https:\/\/dominiqueidiart.fr\/index.php\/wp-json\/wp\/v2\/pages"}],"about":[{"href":"https:\/\/dominiqueidiart.fr\/index.php\/wp-json\/wp\/v2\/types\/page"}],"author":[{"embeddable":true,"href":"https:\/\/dominiqueidiart.fr\/index.php\/wp-json\/wp\/v2\/users\/2"}],"replies":[{"embeddable":true,"href":"https:\/\/dominiqueidiart.fr\/index.php\/wp-json\/wp\/v2\/comments?post=41"}],"version-history":[{"count":33,"href":"https:\/\/dominiqueidiart.fr\/index.php\/wp-json\/wp\/v2\/pages\/41\/revisions"}],"predecessor-version":[{"id":16481,"href":"https:\/\/dominiqueidiart.fr\/index.php\/wp-json\/wp\/v2\/pages\/41\/revisions\/16481"}],"wp:attachment":[{"href":"https:\/\/dominiqueidiart.fr\/index.php\/wp-json\/wp\/v2\/media?parent=41"}],"curies":[{"name":"wp","href":"https:\/\/api.w.org\/{rel}","templated":true}]}}